{"id":154,"date":"2013-07-05T22:34:45","date_gmt":"2013-07-05T19:34:45","guid":{"rendered":"http:\/\/www.kommikeskus.ee\/?page_id=154"},"modified":"2024-02-29T15:28:08","modified_gmt":"2024-02-29T13:28:08","slug":"about-us","status":"publish","type":"page","link":"https:\/\/kommikeskus.ee\/en\/about-us\/","title":{"rendered":"About Us"},"content":{"rendered":"<p><strong>Kommikeskus\u00a0O\u00dc<\/strong> is an Estonian premium sweets brand distributor in the Baltics established in 2008. The company&#8217;s first activity was the manufacture and sale of advert sweets from which grew out quality brands wholesale all over the Baltics. Today the company&#8217;s main activity\u00a0is the marketing and distribution of high quality confectionery in Estonia, Latvia, Lithuania and Finland. Besides quality chocolates, candies and cookies we also import tea and coffee, from 2014\u00a0Efferve gourmet lemonades and from 2018 Macario Retro drinks.<\/p>\n<p>The company has signed distribution agreements with all the major retail chains.<\/p>\n<p>Our strengths are accuracy, speed, and flexibility. Our major cooperation partners in Estonia are K\u00fchne + Nagel AS, DSV Transport AS, Raben Eesti O\u00dc, Ferroline Grupp O\u00dc, O\u00dc OSC Transport, Eesti Post AS, Lakilog O\u00dc,\u00a0Selver AS, Tallinna Kaubamaja AS, Stockmann AS, Prisma Peremarket AS, Maxima Eesti O\u00dc,\u00a0Rimi Eesti Food AS, Coop Eesti Kesk\u00fchistu, AS TALLINK DUTY FREE, Infotark AS, Hortes AS, O\u00dc Hansaplant Hulgi, OG Elektra AS, Sanitex Estonia O\u00dc, Keila T\u00dc, J\u00e4rva T\u00dc, Tartu TK, Saaremaa T\u00dc and others. Cooperation partners in Lithuania are Maxima UAB and JSC &#8220;Mineraliniai vandenys&#8221;.<\/p>\n<p>Factories which premium products we currently supply, are: <strong>Hanseatisches Chocoladen Kontor GmbH &amp; Co. KG<\/strong> (brands Feodora &amp; Hachez)\u00a0Germany, <strong>Peters GmbH<\/strong> Germany, <strong>Aachener Printen- und Schokoladenfabrik Henry Lambertz GmbH &amp; Co. KG<\/strong>\u00a0Germany, <strong>Wawel S.A.<\/strong> Poland, <strong>maestrani Schweizer Schokoladen AG<\/strong> Switzerland, <strong>Torrefazione Paran\u00e0\u00a0S.R.L. <\/strong>Italy, <strong>Eurobubblies Inc.<\/strong>\u00a0(brand Efferve) France, <strong>Macario S.r.l<\/strong> Italy,\u00a0<b>Confiserie Heilemann GmbH<\/b>\u00a0Germany,\u00a0<b>Viba sweets GmbH\u00a0<\/b>Germany,\u00a0<b><span lang=\"EN-US\">Windel GmbH &amp; Co. KG <\/span><\/b><span lang=\"EN-US\">Germany,\u00a0<\/span><strong>Klett Schokolade GmbH &amp; Co. KG <\/strong>Germany, <strong>BOVETTI CHOCOLATS SAS<\/strong> France, <strong>Elysberg Confiserie BVBA<\/strong>\u00a0(brand Emoti) Belgium,\u00a0<strong>Pask\u00e0 Srl Unipersonale <\/strong>(brand Intenso) Italy, <strong>Jake S.A.<\/strong> Spain, <strong>Chocolates Simon Coll S.A.<\/strong> Spain.<br \/>\nList is supplemented every year by a factory whose production is attractive and with high quality and catches our eye in\u00a0food fairs arranged in Europe since we aim to development and growth.<\/p>\n<p>In addition to work and business we find the time to do more. We support children and youth wrestling sport in Tartu County.<\/p>\n","protected":false},"excerpt":{"rendered":"<p>Kommikeskus\u00a0O\u00dc is an Estonian premium sweets brand distributor in the Baltics established in 2008. The company&#8217;s first activity was the manufacture and sale of advert sweets from which grew out quality brands wholesale all over the Baltics. Today the company&#8217;s main activity\u00a0is the marketing and distribution of high quality confectionery in Estonia, Latvia, Lithuania and [&hellip;]<\/p>\n","protected":false},"author":3,"featured_media":0,"parent":0,"menu_order":0,"comment_status":"closed","ping_status":"closed","template":"","meta":{"ocean_post_layout":"","ocean_both_sidebars_style":"","ocean_both_sidebars_content_width":0,"ocean_both_sidebars_sidebars_width":0,"ocean_sidebar":"0","ocean_second_sidebar":"0","ocean_disable_margins":"enable","ocean_add_body_class":"","ocean_shortcode_before_top_bar":"","ocean_shortcode_after_top_bar":"","ocean_shortcode_before_header":"","ocean_shortcode_after_header":"","ocean_has_shortcode":"","ocean_shortcode_after_title":"","ocean_shortcode_before_footer_widgets":"","ocean_shortcode_after_footer_widgets":"","ocean_shortcode_before_footer_bottom":"","ocean_shortcode_after_footer_bottom":"","ocean_display_top_bar":"default","ocean_display_header":"default","ocean_header_style":"","ocean_center_header_left_menu":"0","ocean_custom_header_template":"0","ocean_custom_logo":0,"ocean_custom_retina_logo":0,"ocean_custom_logo_max_width":0,"ocean_custom_logo_tablet_max_width":0,"ocean_custom_logo_mobile_max_width":0,"ocean_custom_logo_max_height":0,"ocean_custom_logo_tablet_max_height":0,"ocean_custom_logo_mobile_max_height":0,"ocean_header_custom_menu":"0","ocean_menu_typo_font_family":"0","ocean_menu_typo_font_subset":"","ocean_menu_typo_font_size":0,"ocean_menu_typo_font_size_tablet":0,"ocean_menu_typo_font_size_mobile":0,"ocean_menu_typo_font_size_unit":"px","ocean_menu_typo_font_weight":"","ocean_menu_typo_font_weight_tablet":"","ocean_menu_typo_font_weight_mobile":"","ocean_menu_typo_transform":"","ocean_menu_typo_transform_tablet":"","ocean_menu_typo_transform_mobile":"","ocean_menu_typo_line_height":0,"ocean_menu_typo_line_height_tablet":0,"ocean_menu_typo_line_height_mobile":0,"ocean_menu_typo_line_height_unit":"","ocean_menu_typo_spacing":0,"ocean_menu_typo_spacing_tablet":0,"ocean_menu_typo_spacing_mobile":0,"ocean_menu_typo_spacing_unit":"","ocean_menu_link_color":"","ocean_menu_link_color_hover":"","ocean_menu_link_color_active":"","ocean_menu_link_background":"","ocean_menu_link_hover_background":"","ocean_menu_link_active_background":"","ocean_menu_social_links_bg":"","ocean_menu_social_hover_links_bg":"","ocean_menu_social_links_color":"","ocean_menu_social_hover_links_color":"","ocean_disable_title":"default","ocean_disable_heading":"default","ocean_post_title":"","ocean_post_subheading":"","ocean_post_title_style":"","ocean_post_title_background_color":"","ocean_post_title_background":0,"ocean_post_title_bg_image_position":"","ocean_post_title_bg_image_attachment":"","ocean_post_title_bg_image_repeat":"","ocean_post_title_bg_image_size":"","ocean_post_title_height":0,"ocean_post_title_bg_overlay":0.5,"ocean_post_title_bg_overlay_color":"","ocean_disable_breadcrumbs":"default","ocean_breadcrumbs_color":"","ocean_breadcrumbs_separator_color":"","ocean_breadcrumbs_links_color":"","ocean_breadcrumbs_links_hover_color":"","ocean_display_footer_widgets":"default","ocean_display_footer_bottom":"default","ocean_custom_footer_template":"0","osh_disable_topbar_sticky":"default","osh_disable_header_sticky":"default","osh_sticky_header_style":"default","osh_sticky_header_effect":"","osh_custom_sticky_logo":0,"osh_custom_retina_sticky_logo":0,"osh_custom_sticky_logo_height":0,"osh_background_color":"","osh_links_color":"","osh_links_hover_color":"","osh_links_active_color":"","osh_links_bg_color":"","osh_links_hover_bg_color":"","osh_links_active_bg_color":"","osh_menu_social_links_color":"","osh_menu_social_hover_links_color":"","footnotes":""},"yoast_head":"<!-- This site is optimized with the Yoast SEO plugin v22.8 - https:\/\/yoast.com\/wordpress\/plugins\/seo\/ -->\n<title>About Us - Private label \u0160okolaad<\/title>\n<meta name=\"robots\" content=\"index, follow, max-snippet:-1, max-image-preview:large, max-video-preview:-1\" \/>\n<link rel=\"canonical\" href=\"https:\/\/kommikeskus.ee\/meist\/\" \/>\n<meta property=\"og:locale\" content=\"en_US\" \/>\n<meta property=\"og:type\" content=\"article\" \/>\n<meta property=\"og:title\" content=\"About Us - Private label \u0160okolaad\" \/>\n<meta property=\"og:description\" content=\"Kommikeskus\u00a0O\u00dc is an Estonian premium sweets brand distributor in the Baltics established in 2008. The company&#8217;s first activity was the manufacture and sale of advert sweets from which grew out quality brands wholesale all over the Baltics. Today the company&#8217;s main activity\u00a0is the marketing and distribution of high quality confectionery in Estonia, Latvia, Lithuania and [&hellip;]\" \/>\n<meta property=\"og:url\" content=\"https:\/\/kommikeskus.ee\/meist\/\" \/>\n<meta property=\"og:site_name\" content=\"Private label \u0160okolaad\" \/>\n<meta property=\"article:modified_time\" content=\"2024-02-29T13:28:08+00:00\" \/>\n<meta name=\"twitter:card\" content=\"summary_large_image\" \/>\n<meta name=\"twitter:label1\" content=\"Est. reading time\" \/>\n\t<meta name=\"twitter:data1\" content=\"2 minutes\" \/>\n<script type=\"application\/ld+json\" class=\"yoast-schema-graph\">{\"@context\":\"https:\/\/schema.org\",\"@graph\":[{\"@type\":\"WebPage\",\"@id\":\"https:\/\/kommikeskus.ee\/meist\/\",\"url\":\"https:\/\/kommikeskus.ee\/meist\/\",\"name\":\"About Us - Private label \u0160okolaad\",\"isPartOf\":{\"@id\":\"https:\/\/kommikeskus.ee\/#website\"},\"datePublished\":\"2013-07-05T19:34:45+00:00\",\"dateModified\":\"2024-02-29T13:28:08+00:00\",\"breadcrumb\":{\"@id\":\"https:\/\/kommikeskus.ee\/meist\/#breadcrumb\"},\"inLanguage\":\"en-US\",\"potentialAction\":[{\"@type\":\"ReadAction\",\"target\":[\"https:\/\/kommikeskus.ee\/meist\/\"]}]},{\"@type\":\"BreadcrumbList\",\"@id\":\"https:\/\/kommikeskus.ee\/meist\/#breadcrumb\",\"itemListElement\":[{\"@type\":\"ListItem\",\"position\":1,\"name\":\"\",\"item\":\"https:\/\/kommikeskus.ee\/en\/\"},{\"@type\":\"ListItem\",\"position\":2,\"name\":\"About Us\"}]},{\"@type\":\"WebSite\",\"@id\":\"https:\/\/kommikeskus.ee\/#website\",\"url\":\"https:\/\/kommikeskus.ee\/\",\"name\":\"Private label \u0160okolaad\",\"description\":\"Magusad maiustused, kingid, \u00e4rikingid\",\"publisher\":{\"@id\":\"https:\/\/kommikeskus.ee\/#organization\"},\"potentialAction\":[{\"@type\":\"SearchAction\",\"target\":{\"@type\":\"EntryPoint\",\"urlTemplate\":\"https:\/\/kommikeskus.ee\/?s={search_term_string}\"},\"query-input\":\"required name=search_term_string\"}],\"inLanguage\":\"en-US\"},{\"@type\":\"Organization\",\"@id\":\"https:\/\/kommikeskus.ee\/#organization\",\"name\":\"Kommikeskus O\u00dc\",\"url\":\"https:\/\/kommikeskus.ee\/\",\"logo\":{\"@type\":\"ImageObject\",\"inLanguage\":\"en-US\",\"@id\":\"https:\/\/kommikeskus.ee\/#\/schema\/logo\/image\/\",\"url\":\"https:\/\/kommikeskus.ee\/wp-content\/uploads\/2018\/10\/logo-2.png\",\"contentUrl\":\"https:\/\/kommikeskus.ee\/wp-content\/uploads\/2018\/10\/logo-2.png\",\"width\":211,\"height\":75,\"caption\":\"Kommikeskus O\u00dc\"},\"image\":{\"@id\":\"https:\/\/kommikeskus.ee\/#\/schema\/logo\/image\/\"}}]}<\/script>\n<!-- \/ Yoast SEO plugin. -->","yoast_head_json":{"title":"About Us - Private label \u0160okolaad","robots":{"index":"index","follow":"follow","max-snippet":"max-snippet:-1","max-image-preview":"max-image-preview:large","max-video-preview":"max-video-preview:-1"},"canonical":"https:\/\/kommikeskus.ee\/meist\/","og_locale":"en_US","og_type":"article","og_title":"About Us - Private label \u0160okolaad","og_description":"Kommikeskus\u00a0O\u00dc is an Estonian premium sweets brand distributor in the Baltics established in 2008. The company&#8217;s first activity was the manufacture and sale of advert sweets from which grew out quality brands wholesale all over the Baltics. Today the company&#8217;s main activity\u00a0is the marketing and distribution of high quality confectionery in Estonia, Latvia, Lithuania and [&hellip;]","og_url":"https:\/\/kommikeskus.ee\/meist\/","og_site_name":"Private label \u0160okolaad","article_modified_time":"2024-02-29T13:28:08+00:00","twitter_card":"summary_large_image","twitter_misc":{"Est. reading time":"2 minutes"},"schema":{"@context":"https:\/\/schema.org","@graph":[{"@type":"WebPage","@id":"https:\/\/kommikeskus.ee\/meist\/","url":"https:\/\/kommikeskus.ee\/meist\/","name":"About Us - Private label \u0160okolaad","isPartOf":{"@id":"https:\/\/kommikeskus.ee\/#website"},"datePublished":"2013-07-05T19:34:45+00:00","dateModified":"2024-02-29T13:28:08+00:00","breadcrumb":{"@id":"https:\/\/kommikeskus.ee\/meist\/#breadcrumb"},"inLanguage":"en-US","potentialAction":[{"@type":"ReadAction","target":["https:\/\/kommikeskus.ee\/meist\/"]}]},{"@type":"BreadcrumbList","@id":"https:\/\/kommikeskus.ee\/meist\/#breadcrumb","itemListElement":[{"@type":"ListItem","position":1,"name":"","item":"https:\/\/kommikeskus.ee\/en\/"},{"@type":"ListItem","position":2,"name":"About Us"}]},{"@type":"WebSite","@id":"https:\/\/kommikeskus.ee\/#website","url":"https:\/\/kommikeskus.ee\/","name":"Private label \u0160okolaad","description":"Magusad maiustused, kingid, \u00e4rikingid","publisher":{"@id":"https:\/\/kommikeskus.ee\/#organization"},"potentialAction":[{"@type":"SearchAction","target":{"@type":"EntryPoint","urlTemplate":"https:\/\/kommikeskus.ee\/?s={search_term_string}"},"query-input":"required name=search_term_string"}],"inLanguage":"en-US"},{"@type":"Organization","@id":"https:\/\/kommikeskus.ee\/#organization","name":"Kommikeskus O\u00dc","url":"https:\/\/kommikeskus.ee\/","logo":{"@type":"ImageObject","inLanguage":"en-US","@id":"https:\/\/kommikeskus.ee\/#\/schema\/logo\/image\/","url":"https:\/\/kommikeskus.ee\/wp-content\/uploads\/2018\/10\/logo-2.png","contentUrl":"https:\/\/kommikeskus.ee\/wp-content\/uploads\/2018\/10\/logo-2.png","width":211,"height":75,"caption":"Kommikeskus O\u00dc"},"image":{"@id":"https:\/\/kommikeskus.ee\/#\/schema\/logo\/image\/"}}]}},"_links":{"self":[{"href":"https:\/\/kommikeskus.ee\/en\/wp-json\/wp\/v2\/pages\/154"}],"collection":[{"href":"https:\/\/kommikeskus.ee\/en\/wp-json\/wp\/v2\/pages"}],"about":[{"href":"https:\/\/kommikeskus.ee\/en\/wp-json\/wp\/v2\/types\/page"}],"author":[{"embeddable":true,"href":"https:\/\/kommikeskus.ee\/en\/wp-json\/wp\/v2\/users\/3"}],"replies":[{"embeddable":true,"href":"https:\/\/kommikeskus.ee\/en\/wp-json\/wp\/v2\/comments?post=154"}],"version-history":[{"count":32,"href":"https:\/\/kommikeskus.ee\/en\/wp-json\/wp\/v2\/pages\/154\/revisions"}],"predecessor-version":[{"id":4675,"href":"https:\/\/kommikeskus.ee\/en\/wp-json\/wp\/v2\/pages\/154\/revisions\/4675"}],"wp:attachment":[{"href":"https:\/\/kommikeskus.ee\/en\/wp-json\/wp\/v2\/media?parent=154"}],"curies":[{"name":"wp","href":"https:\/\/api.w.org\/{rel}","templated":true}]}}